{"id":742,"date":"2025-08-06T20:08:56","date_gmt":"2025-08-06T20:08:56","guid":{"rendered":"https:\/\/vivelosandes.com\/?page_id=742"},"modified":"2025-08-07T19:59:42","modified_gmt":"2025-08-07T19:59:42","slug":"conoce-mendoza","status":"publish","type":"page","link":"https:\/\/vivelosandes.com\/en\/conoce-mendoza\/","title":{"rendered":"get to know mendoza"},"content":{"rendered":"<figure class=\"wp-block-image size-full\"><img loading=\"lazy\" decoding=\"async\" width=\"512\" height=\"512\" src=\"https:\/\/vivelosandes.com\/wp-content\/uploads\/2025\/06\/cropped-favicon.png\" alt=\"\" class=\"wp-image-318\" srcset=\"https:\/\/vivelosandes.com\/wp-content\/uploads\/2025\/06\/cropped-favicon.png 512w, https:\/\/vivelosandes.com\/wp-content\/uploads\/2025\/06\/cropped-favicon-300x300.png 300w, https:\/\/vivelosandes.com\/wp-content\/uploads\/2025\/06\/cropped-favicon-150x150.png 150w, https:\/\/vivelosandes.com\/wp-content\/uploads\/2025\/06\/cropped-favicon-100x100.png 100w, https:\/\/vivelosandes.com\/wp-content\/uploads\/2025\/06\/cropped-favicon-270x270.png 270w, https:\/\/vivelosandes.com\/wp-content\/uploads\/2025\/06\/cropped-favicon-192x192.png 192w, https:\/\/vivelosandes.com\/wp-content\/uploads\/2025\/06\/cropped-favicon-180x180.png 180w, https:\/\/vivelosandes.com\/wp-content\/uploads\/2025\/06\/cropped-favicon-32x32.png 32w\" sizes=\"auto, (max-width: 512px) 100vw, 512px\" \/><\/figure>\n\n\n\n<div class=\"wp-block-group\"><div class=\"wp-block-group__inner-container is-layout-constrained wp-block-group-is-layout-constrained\">\n<h2 class=\"wp-block-heading\">Mendoza,<br>I lived its charm. <\/h2>\n\n\n\n<p>If you are visiting us, get to know all our experiences designed for the world of wine, gastronomy and adventure. <\/p>\n\n\n\n<div class=\"wp-block-buttons is-layout-flex wp-block-buttons-is-layout-flex\">\n<div class=\"wp-block-button\"><a class=\"wp-block-button__link wp-element-button\" href=\"https:\/\/vivelosandes.com\/en\/\">LEARN MORE<\/a><\/div>\n<\/div>\n<\/div><\/div>","protected":false},"excerpt":{"rendered":"<p>Mendoza,viv\u00ed su encanto. Si est\u00e1s de visita conoc\u00e9 todas nuestras experiencias pensadas para el mundo del vino, la gastronom\u00eda y la aventura.<\/p>","protected":false},"author":1,"featured_media":603,"parent":0,"menu_order":0,"comment_status":"closed","ping_status":"closed","template":"","meta":{"_acf_changed":false,"footnotes":""},"class_list":["post-742","page","type-page","status-publish","has-post-thumbnail","hentry"],"acf":[],"_links":{"self":[{"href":"https:\/\/vivelosandes.com\/en\/wp-json\/wp\/v2\/pages\/742","targetHints":{"allow":["GET"]}}],"collection":[{"href":"https:\/\/vivelosandes.com\/en\/wp-json\/wp\/v2\/pages"}],"about":[{"href":"https:\/\/vivelosandes.com\/en\/wp-json\/wp\/v2\/types\/page"}],"author":[{"embeddable":true,"href":"https:\/\/vivelosandes.com\/en\/wp-json\/wp\/v2\/users\/1"}],"replies":[{"embeddable":true,"href":"https:\/\/vivelosandes.com\/en\/wp-json\/wp\/v2\/comments?post=742"}],"version-history":[{"count":3,"href":"https:\/\/vivelosandes.com\/en\/wp-json\/wp\/v2\/pages\/742\/revisions"}],"predecessor-version":[{"id":764,"href":"https:\/\/vivelosandes.com\/en\/wp-json\/wp\/v2\/pages\/742\/revisions\/764"}],"wp:featuredmedia":[{"embeddable":true,"href":"https:\/\/vivelosandes.com\/en\/wp-json\/wp\/v2\/media\/603"}],"wp:attachment":[{"href":"https:\/\/vivelosandes.com\/en\/wp-json\/wp\/v2\/media?parent=742"}],"curies":[{"name":"wp","href":"https:\/\/api.w.org\/{rel}","templated":true}]}}