{"id":175,"date":"2025-05-28T17:33:59","date_gmt":"2025-05-28T20:33:59","guid":{"rendered":"http:\/\/localhost\/vivelosandes.com\/?page_id=175"},"modified":"2025-06-16T20:01:49","modified_gmt":"2025-06-16T20:01:49","slug":"quienes-somos-2","status":"publish","type":"page","link":"https:\/\/vivelosandes.com\/pt\/quienes-somos-2\/","title":{"rendered":"Quem somos n\u00f3s?"},"content":{"rendered":"<p>A Vive Los Andes \u00e9 formada por uma equipe de profissionais liderada por um casal de Mendoza que, desde 2018, vem transformando seu amor por essa terra em experi\u00eancias \u00fanicas para os viajantes.<\/p>\n\n\n\n<p>Contamos com nosso profundo conhecimento local para gui\u00e1-lo pelo mundo do vinho e pela imponente Cordilheira dos Andes. Mostramos a voc\u00ea os segredos mais bem guardados de Mendoza, oferecendo um servi\u00e7o profissional e comprometido para tornar sua visita inesquec\u00edvel.<\/p>\n\n\n\n<p><\/p>","protected":false},"excerpt":{"rendered":"<p>Vive Los Andes lo compone un equipo de profesionales guiados por un matrimonio mendocino que desde 2018 transforma su amor por esta tierra en experiencias \u00fanicas para viajeros. Confiamos en nuestro profundo conocimiento local para guiarte a trav\u00e9s del mundo del vino y la imponente Cordillera de los Andes. Te mostramos los secretos mejor guardados [&hellip;]<\/p>","protected":false},"author":1,"featured_media":0,"parent":0,"menu_order":0,"comment_status":"closed","ping_status":"closed","template":"","meta":{"_acf_changed":false,"footnotes":""},"class_list":["post-175","page","type-page","status-publish","hentry"],"acf":[],"_links":{"self":[{"href":"https:\/\/vivelosandes.com\/pt\/wp-json\/wp\/v2\/pages\/175","targetHints":{"allow":["GET"]}}],"collection":[{"href":"https:\/\/vivelosandes.com\/pt\/wp-json\/wp\/v2\/pages"}],"about":[{"href":"https:\/\/vivelosandes.com\/pt\/wp-json\/wp\/v2\/types\/page"}],"author":[{"embeddable":true,"href":"https:\/\/vivelosandes.com\/pt\/wp-json\/wp\/v2\/users\/1"}],"replies":[{"embeddable":true,"href":"https:\/\/vivelosandes.com\/pt\/wp-json\/wp\/v2\/comments?post=175"}],"version-history":[{"count":4,"href":"https:\/\/vivelosandes.com\/pt\/wp-json\/wp\/v2\/pages\/175\/revisions"}],"predecessor-version":[{"id":411,"href":"https:\/\/vivelosandes.com\/pt\/wp-json\/wp\/v2\/pages\/175\/revisions\/411"}],"wp:attachment":[{"href":"https:\/\/vivelosandes.com\/pt\/wp-json\/wp\/v2\/media?parent=175"}],"curies":[{"name":"wp","href":"https:\/\/api.w.org\/{rel}","templated":true}]}}