{"id":179,"date":"2025-05-28T17:34:48","date_gmt":"2025-05-28T20:34:48","guid":{"rendered":"http:\/\/localhost\/vivelosandes.com\/?page_id=179"},"modified":"2025-09-12T19:39:35","modified_gmt":"2025-09-12T19:39:35","slug":"terminos-y-condiciones","status":"publish","type":"page","link":"https:\/\/vivelosandes.com\/pt\/terminos-y-condiciones\/","title":{"rendered":"Termos e condi\u00e7\u00f5es"},"content":{"rendered":"<h2 class=\"wp-block-heading\">T\u00edtulo h2<\/h2>\n\n\n\n<h3 class=\"wp-block-heading\">T\u00edtulo h3<\/h3>\n\n\n\n<h4 class=\"wp-block-heading\">T\u00edtulo h4<\/h4>\n\n\n\n<h5 class=\"wp-block-heading\">T\u00edtulo h5<\/h5>\n\n\n\n<h6 class=\"wp-block-heading\">T\u00edtulo h6<\/h6>\n\n\n\n<p><strong>Textos com Strong (Negrito)<\/strong><\/p>\n\n\n\n<p><em>Textos em it\u00e1lico ou obl\u00edquos<\/em><\/p>\n\n\n\n<p>Parr\u00e1fo tradicional: a cota\u00e7\u00e3o para esse fim pode ficar em torno de ARS 75.000. Para o Vale do Uco, dependendo das dist\u00e2ncias finais at\u00e9 as vin\u00edcolas, pode ser em torno de ARS 85.000. Os ve\u00edculos geralmente t\u00eam capacidade para 3\/4 passageiros e costumam incluir a visita e o tempo de espera em tr\u00eas estabelecimentos (vin\u00edcolas, olivais ou restaurantes). Esses valores est\u00e3o vinculados a unidades autorizadas pela autoridade competente a transportar passageiros.<\/p>\n\n\n\n<figure class=\"wp-block-image size-large\"><img loading=\"lazy\" decoding=\"async\" width=\"1024\" height=\"275\" src=\"https:\/\/vivelosandes.com\/wp-content\/uploads\/2025\/06\/header-blog-1024x275.jpg\" alt=\"\" class=\"wp-image-255\" srcset=\"https:\/\/vivelosandes.com\/wp-content\/uploads\/2025\/06\/header-blog-1024x275.jpg 1024w, https:\/\/vivelosandes.com\/wp-content\/uploads\/2025\/06\/header-blog-300x80.jpg 300w, https:\/\/vivelosandes.com\/wp-content\/uploads\/2025\/06\/header-blog-768x206.jpg 768w, https:\/\/vivelosandes.com\/wp-content\/uploads\/2025\/06\/header-blog-1536x412.jpg 1536w, https:\/\/vivelosandes.com\/wp-content\/uploads\/2025\/06\/header-blog.jpg 1920w\" sizes=\"auto, (max-width: 706px) 89vw, (max-width: 767px) 82vw, 740px\" \/><\/figure>\n\n\n\n<p>Parr\u00e1fo tradicional: a cota\u00e7\u00e3o para esse fim pode ficar em torno de ARS 75.000. Para o Vale do Uco, dependendo das dist\u00e2ncias finais at\u00e9 as vin\u00edcolas, pode ser em torno de ARS 85.000. Os ve\u00edculos geralmente t\u00eam capacidade para 3\/4 passageiros e costumam incluir a visita e o tempo de espera em tr\u00eas estabelecimentos (vin\u00edcolas, olivais ou restaurantes). Esses valores est\u00e3o vinculados a unidades autorizadas pela autoridade competente a transportar passageiros. Se os grupos forem maiores que 4 passageiros, os valores aumentam, pois ser\u00e1 necess\u00e1rio contratar minivans ou combis.<\/p>\n\n\n\n<p>Parr\u00e1fo tradicional: a cota\u00e7\u00e3o para esse fim pode ficar em torno de ARS 75.000. Para o Vale do Uco, dependendo das dist\u00e2ncias finais at\u00e9 as vin\u00edcolas, pode ser em torno de ARS 85.000. Os ve\u00edculos geralmente t\u00eam capacidade para 3\/4 passageiros e costumam incluir a visita e o tempo de espera em tr\u00eas estabelecimentos (vin\u00edcolas, olivais ou restaurantes). Esses valores est\u00e3o vinculados a unidades autorizadas pela autoridade competente a transportar passageiros.<\/p>\n\n\n\n<details class=\"wp-block-details is-layout-flow wp-block-details-is-layout-flow\"><summary>Se eu clicar aqui, aparecer\u00e1 --&gt;<\/summary>\n<p>Isso daqui<\/p>\n<\/details>\n\n\n\n<details class=\"wp-block-details is-layout-flow wp-block-details-is-layout-flow\"><summary>Se eu clicar aqui, aparecer\u00e1 --&gt;<\/summary>\n<p>Isso daqui<\/p>\n<\/details>\n\n\n\n<details class=\"wp-block-details is-layout-flow wp-block-details-is-layout-flow\"><summary>Se eu clicar aqui, aparecer\u00e1 --&gt;<\/summary>\n<p>Isso daqui<\/p>\n<\/details>\n\n\n\n<ul class=\"wp-block-list\">\n<li>lista 1<\/li>\n\n\n\n<li>lista 2<\/li>\n\n\n\n<li>lista 3<\/li>\n\n\n\n<li>lista 4<\/li>\n<\/ul>\n\n\n\n<div class=\"wp-block-buttons is-layout-flex wp-block-buttons-is-layout-flex\">\n<div class=\"wp-block-button\"><a class=\"wp-block-button__link wp-element-button\">bot\u00e3o para alguma a\u00e7\u00e3o<\/a><\/div>\n<\/div>","protected":false},"excerpt":{"rendered":"<p>Cabe\u00e7alho h2 Cabe\u00e7alho h3 Cabe\u00e7alho h4 Cabe\u00e7alho h5 Cabe\u00e7alho h6 Textos em negrito Textos em it\u00e1lico ou obl\u00edquo Par\u00e1grafo tradicional: cotado para esse fim pode ser de aproximadamente ARS 75.000. Para o Vale do Uco, dependendo das dist\u00e2ncias finais das vin\u00edcolas, pode ser em torno de ARS 85.000. Os ve\u00edculos t\u00eam uma capacidade em geral de [...]<\/p>","protected":false},"author":1,"featured_media":257,"parent":0,"menu_order":0,"comment_status":"closed","ping_status":"closed","template":"","meta":{"_acf_changed":false,"footnotes":""},"class_list":["post-179","page","type-page","status-publish","has-post-thumbnail","hentry"],"acf":[],"_links":{"self":[{"href":"https:\/\/vivelosandes.com\/pt\/wp-json\/wp\/v2\/pages\/179","targetHints":{"allow":["GET"]}}],"collection":[{"href":"https:\/\/vivelosandes.com\/pt\/wp-json\/wp\/v2\/pages"}],"about":[{"href":"https:\/\/vivelosandes.com\/pt\/wp-json\/wp\/v2\/types\/page"}],"author":[{"embeddable":true,"href":"https:\/\/vivelosandes.com\/pt\/wp-json\/wp\/v2\/users\/1"}],"replies":[{"embeddable":true,"href":"https:\/\/vivelosandes.com\/pt\/wp-json\/wp\/v2\/comments?post=179"}],"version-history":[{"count":3,"href":"https:\/\/vivelosandes.com\/pt\/wp-json\/wp\/v2\/pages\/179\/revisions"}],"predecessor-version":[{"id":860,"href":"https:\/\/vivelosandes.com\/pt\/wp-json\/wp\/v2\/pages\/179\/revisions\/860"}],"wp:featuredmedia":[{"embeddable":true,"href":"https:\/\/vivelosandes.com\/pt\/wp-json\/wp\/v2\/media\/257"}],"wp:attachment":[{"href":"https:\/\/vivelosandes.com\/pt\/wp-json\/wp\/v2\/media?parent=179"}],"curies":[{"name":"wp","href":"https:\/\/api.w.org\/{rel}","templated":true}]}}