{"id":181,"date":"2025-05-28T17:35:06","date_gmt":"2025-05-28T20:35:06","guid":{"rendered":"http:\/\/localhost\/vivelosandes.com\/?page_id=181"},"modified":"2025-07-11T21:28:39","modified_gmt":"2025-07-11T21:28:39","slug":"politica-de-privacidad","status":"publish","type":"page","link":"https:\/\/vivelosandes.com\/pt\/politica-de-privacidad\/","title":{"rendered":"Pol\u00edtica de privacidade"},"content":{"rendered":"<p>Esta Pol\u00edtica de Privacidade estabelece os termos de uso e a prote\u00e7\u00e3o das informa\u00e7\u00f5es fornecidas pelos usu\u00e1rios ao utilizarem nosso site. Este site est\u00e1 comprometido com a seguran\u00e7a de suas informa\u00e7\u00f5es. Quando solicitamos o preenchimento de determinados campos de informa\u00e7\u00f5es pessoais pelos quais voc\u00ea pode ser identificado, fazemos isso com a garantia de que elas ser\u00e3o usadas somente de acordo com os termos deste documento. No entanto, esta Pol\u00edtica de Privacidade pode mudar com o tempo ou ser atualizada, e recomendamos que voc\u00ea reveja continuamente este site para garantir que esteja satisfeito com quaisquer altera\u00e7\u00f5es.<\/p>\n\n\n\n<p><strong>Informa\u00e7\u00f5es coletadas<br><\/strong>Nosso site pode coletar informa\u00e7\u00f5es pessoais, como seu nome, detalhes de contato, como seu endere\u00e7o de e-mail e informa\u00e7\u00f5es demogr\u00e1ficas. Tamb\u00e9m podemos solicitar determinadas informa\u00e7\u00f5es espec\u00edficas, se necess\u00e1rio.<\/p>\n\n\n\n<p><strong>Uso das informa\u00e7\u00f5es coletadas<br><\/strong>Nosso site usa as informa\u00e7\u00f5es para fornecer o melhor servi\u00e7o poss\u00edvel, especialmente para acompanhar os usu\u00e1rios, acompanhar os pedidos, quando aplic\u00e1vel, e melhorar nossos produtos e servi\u00e7os. Podemos enviar periodicamente e-mails por meio de nosso site com ofertas especiais, novos produtos e outras informa\u00e7\u00f5es promocionais que consideramos relevantes para voc\u00ea ou que podem ser ben\u00e9ficas para voc\u00ea. Esses e-mails ser\u00e3o enviados para o endere\u00e7o de e-mail que voc\u00ea fornecer e poder\u00e3o ser cancelados a qualquer momento. Temos o compromisso de manter suas informa\u00e7\u00f5es seguras. Usamos os sistemas mais recentes e os atualizamos constantemente para garantir que n\u00e3o haja acesso n\u00e3o autorizado.<\/p>\n\n\n\n<p><strong>Cookies<\/strong><br>Um cookie refere-se a um arquivo que \u00e9 enviado com o objetivo de solicitar permiss\u00e3o para ser armazenado em seu computador. Ao aceitar, esse arquivo \u00e9 criado e o cookie serve para ter informa\u00e7\u00f5es sobre o tr\u00e1fego da Web e tamb\u00e9m facilita futuras visitas a um site recorrente. Nosso site usa cookies para identificar quais p\u00e1ginas s\u00e3o visitadas e sua frequ\u00eancia. Essas informa\u00e7\u00f5es s\u00e3o usadas somente para an\u00e1lise estat\u00edstica e depois s\u00e3o exclu\u00eddas permanentemente. Voc\u00ea pode excluir os cookies do seu computador a qualquer momento. No entanto, os cookies ajudam a fornecer um servi\u00e7o melhor dos sites, mas n\u00e3o d\u00e3o acesso a informa\u00e7\u00f5es sobre seu computador ou sobre voc\u00ea, a menos que voc\u00ea opte por fornec\u00ea-las diretamente. O usu\u00e1rio pode aceitar ou negar o uso de cookies, mas a maioria dos navegadores aceita cookies automaticamente, pois isso serve para melhorar o servi\u00e7o da Web. Voc\u00ea tamb\u00e9m pode alterar as configura\u00e7\u00f5es do seu computador para recusar cookies. Se voc\u00ea recusar os cookies, talvez n\u00e3o consiga usar alguns de nossos servi\u00e7os.<\/p>\n\n\n\n<p><strong>Links para terceiros<br><\/strong>Este site pode conter links para outros sites que podem ser de seu interesse. Quando voc\u00ea clica nesses links e sai do nosso site, n\u00e3o temos controle sobre o site para o qual voc\u00ea \u00e9 redirecionado e, portanto, n\u00e3o temos responsabilidade pelos termos ou pr\u00e1ticas de privacidade e prote\u00e7\u00e3o de dados desses outros sites. Esses sites est\u00e3o sujeitos a suas pr\u00f3prias pol\u00edticas de privacidade e voc\u00ea deve verific\u00e1-las para garantir que est\u00e1 satisfeito com elas.<\/p>\n\n\n\n<p><strong>Controle de suas informa\u00e7\u00f5es pessoais<br><\/strong>A qualquer momento, voc\u00ea pode restringir a coleta ou o uso das informa\u00e7\u00f5es pessoais fornecidas ao nosso site. Sempre que lhe for solicitado o preenchimento de um formul\u00e1rio, como um formul\u00e1rio de registro, voc\u00ea poder\u00e1 marcar ou desmarcar a op\u00e7\u00e3o de receber informa\u00e7\u00f5es por e-mail. Caso tenha marcado a op\u00e7\u00e3o de receber nosso boletim informativo ou publicidade, voc\u00ea poder\u00e1 cancel\u00e1-la a qualquer momento. Este site n\u00e3o vender\u00e1, doar\u00e1 ou distribuir\u00e1 as informa\u00e7\u00f5es pessoais coletadas sem o seu consentimento, a menos que seja exigido por ordem judicial. Informamos que nos reservamos o direito de alterar os termos desta Pol\u00edtica de Privacidade a qualquer momento.<\/p>","protected":false},"excerpt":{"rendered":"<p>Esta Pol\u00edtica de Privacidade estabelece os termos de uso e a prote\u00e7\u00e3o das informa\u00e7\u00f5es fornecidas pelos usu\u00e1rios ao utilizarem nosso site. Este site est\u00e1 comprometido com a seguran\u00e7a dos dados de seus usu\u00e1rios. Quando solicitado a preencher determinados campos de informa\u00e7\u00f5es pessoais com as quais o usu\u00e1rio [....]<\/p>","protected":false},"author":1,"featured_media":639,"parent":0,"menu_order":0,"comment_status":"closed","ping_status":"closed","template":"","meta":{"_acf_changed":false,"footnotes":""},"class_list":["post-181","page","type-page","status-publish","has-post-thumbnail","hentry"],"acf":[],"_links":{"self":[{"href":"https:\/\/vivelosandes.com\/pt\/wp-json\/wp\/v2\/pages\/181","targetHints":{"allow":["GET"]}}],"collection":[{"href":"https:\/\/vivelosandes.com\/pt\/wp-json\/wp\/v2\/pages"}],"about":[{"href":"https:\/\/vivelosandes.com\/pt\/wp-json\/wp\/v2\/types\/page"}],"author":[{"embeddable":true,"href":"https:\/\/vivelosandes.com\/pt\/wp-json\/wp\/v2\/users\/1"}],"replies":[{"embeddable":true,"href":"https:\/\/vivelosandes.com\/pt\/wp-json\/wp\/v2\/comments?post=181"}],"version-history":[{"count":2,"href":"https:\/\/vivelosandes.com\/pt\/wp-json\/wp\/v2\/pages\/181\/revisions"}],"predecessor-version":[{"id":638,"href":"https:\/\/vivelosandes.com\/pt\/wp-json\/wp\/v2\/pages\/181\/revisions\/638"}],"wp:featuredmedia":[{"embeddable":true,"href":"https:\/\/vivelosandes.com\/pt\/wp-json\/wp\/v2\/media\/639"}],"wp:attachment":[{"href":"https:\/\/vivelosandes.com\/pt\/wp-json\/wp\/v2\/media?parent=181"}],"curies":[{"name":"wp","href":"https:\/\/api.w.org\/{rel}","templated":true}]}}