{"id":705,"date":"2025-08-04T18:36:17","date_gmt":"2025-08-04T18:36:17","guid":{"rendered":"https:\/\/vivelosandes.com\/?page_id=705"},"modified":"2025-08-07T20:19:32","modified_gmt":"2025-08-07T20:19:32","slug":"vive-los-andes-viajes","status":"publish","type":"page","link":"https:\/\/vivelosandes.com\/pt\/vive-los-andes-viajes\/","title":{"rendered":"Viagem Vive Los Andes"},"content":{"rendered":"<h2 class=\"wp-block-heading has-text-align-center\">Viagem Vive Los Andes<\/h2>\n\n\n\n<p class=\"has-text-align-center\">Fazemos parte da Vive Los Andes (EVyT Leg. 17123), uma empresa de viagens e turismo de Mendoza com anos de experi\u00eancia e o apoio das operadoras de maior prest\u00edgio do mercado.<\/p>\n\n\n\n<h3 class=\"wp-block-heading has-text-align-center\">Aproveite esses benef\u00edcios<\/h3>\n\n\n\n<div class=\"wp-block-group\"><div class=\"wp-block-group__inner-container is-layout-constrained wp-block-group-is-layout-constrained\">\n<p class=\"has-text-align-center\"><img loading=\"lazy\" decoding=\"async\" width=\"90\" height=\"63\" class=\"wp-image-698\" style=\"width: 90px;\" src=\"https:\/\/vivelosandes.com\/wp-content\/uploads\/2025\/08\/avion.png\" alt=\"\"><br>N\u00e3o deixe seu estresse voar! N\u00f3s lhe oferecemos os melhores voos, sem turbul\u00eancia para o seu bolso.<\/p>\n\n\n\n<p class=\"has-text-align-center\"><img loading=\"lazy\" decoding=\"async\" width=\"90\" height=\"90\" class=\"wp-image-702\" style=\"width: 90px;\" src=\"https:\/\/vivelosandes.com\/wp-content\/uploads\/2025\/08\/valijas.png\" alt=\"\"><br>Seu \u00fanico trabalho \u00e9 arrumar sua mala. Criamos pacotes com tudo inclu\u00eddo.<\/p>\n\n\n\n<p class=\"has-text-align-center\"><img loading=\"lazy\" decoding=\"async\" width=\"90\" height=\"59\" class=\"wp-image-699\" style=\"width: 90px;\" src=\"https:\/\/vivelosandes.com\/wp-content\/uploads\/2025\/08\/crucero.png\" alt=\"\"><br>Cruzeiros: um hotel flutuante com tudo inclu\u00eddo: gastronomia, divers\u00e3o e as melhores vistas.<\/p>\n\n\n\n<p class=\"has-text-align-center\"><img loading=\"lazy\" decoding=\"async\" width=\"90\" height=\"60\" class=\"wp-image-700\" style=\"width: 90px;\" src=\"https:\/\/vivelosandes.com\/wp-content\/uploads\/2025\/08\/icono1.png\" alt=\"\"><br>Uma viagem feita sob medida para cada viajante. Para fam\u00edlias, casais, grupos e aventureiros individuais.<\/p>\n\n\n\n<p class=\"has-text-align-center\"><img loading=\"lazy\" decoding=\"async\" width=\"90\" height=\"90\" class=\"wp-image-701\" style=\"width: 90px;\" src=\"https:\/\/vivelosandes.com\/wp-content\/uploads\/2025\/08\/icono4.png\" alt=\"\"><br> Encontramos o hotel perfeito para que voc\u00ea tenha apenas bons sonhos.<\/p>\n<\/div><\/div>\n\n\n\n<div class=\"wp-block-group corte\"><div class=\"wp-block-group__inner-container is-layout-constrained wp-block-group-is-layout-constrained\">\n<figure class=\"wp-block-image size-large\"><img loading=\"lazy\" decoding=\"async\" width=\"1024\" height=\"575\" src=\"https:\/\/vivelosandes.com\/wp-content\/uploads\/2025\/07\/Imagen4-aruba-1024x575.jpg\" alt=\"aruba. caribe. verano. playas.\" class=\"wp-image-685\" srcset=\"https:\/\/vivelosandes.com\/wp-content\/uploads\/2025\/07\/Imagen4-aruba-1024x575.jpg 1024w, https:\/\/vivelosandes.com\/wp-content\/uploads\/2025\/07\/Imagen4-aruba-300x169.jpg 300w, https:\/\/vivelosandes.com\/wp-content\/uploads\/2025\/07\/Imagen4-aruba-768x431.jpg 768w, https:\/\/vivelosandes.com\/wp-content\/uploads\/2025\/07\/Imagen4-aruba.jpg 1280w\" sizes=\"auto, (max-width: 706px) 89vw, (max-width: 767px) 82vw, 740px\" \/><\/figure>\n\n\n\n<div class=\"wp-block-group corte-in\"><div class=\"wp-block-group__inner-container is-layout-constrained wp-block-group-is-layout-constrained\">\n<figure class=\"wp-block-image size-full\"><img loading=\"lazy\" decoding=\"async\" width=\"94\" height=\"209\" src=\"https:\/\/vivelosandes.com\/wp-content\/uploads\/2025\/06\/VLAviajes.png\" alt=\"\" class=\"wp-image-304\"\/><\/figure>\n\n\n\n<div class=\"wp-block-group\"><div class=\"wp-block-group__inner-container is-layout-constrained wp-block-group-is-layout-constrained\">\n<h2 class=\"wp-block-heading\">Destino em destaque<\/h2>\n\n\n\n<p>Aruba: mais do que uma ilha, um estado de felicidade no Caribe.<\/p>\n\n\n\n<div class=\"wp-block-buttons is-layout-flex wp-block-buttons-is-layout-flex\">\n<div class=\"wp-block-button\"><a class=\"wp-block-button__link wp-element-button\" href=\"https:\/\/vivelosandes.com\/pt\/viaje\/caribe-aruba\/\">SAIBA MAIS<\/a><\/div>\n<\/div>\n<\/div><\/div>\n<\/div><\/div>\n<\/div><\/div>\n\n\n\n<p><\/p>","protected":false},"excerpt":{"rendered":"<p>Vive Los Andes Viajes Somos parte de Vive Los Andes (EVyT Leg. 17123), una Empresa de Viajes y Turismo de Mendoza con a\u00f1os de experiencia y el respaldo de los operadores m\u00e1s prestigiosos del mercado. Disfrut\u00e1 con estos beneficios \u00a1Que tu estr\u00e9s no vuele! Te conseguimos los mejores vuelos, sin turbulencias para tu bolsillo. Tu [&hellip;]<\/p>","protected":false},"author":1,"featured_media":0,"parent":0,"menu_order":0,"comment_status":"closed","ping_status":"closed","template":"template-viajes.php","meta":{"_acf_changed":false,"footnotes":""},"class_list":["post-705","page","type-page","status-publish","hentry"],"acf":[],"_links":{"self":[{"href":"https:\/\/vivelosandes.com\/pt\/wp-json\/wp\/v2\/pages\/705","targetHints":{"allow":["GET"]}}],"collection":[{"href":"https:\/\/vivelosandes.com\/pt\/wp-json\/wp\/v2\/pages"}],"about":[{"href":"https:\/\/vivelosandes.com\/pt\/wp-json\/wp\/v2\/types\/page"}],"author":[{"embeddable":true,"href":"https:\/\/vivelosandes.com\/pt\/wp-json\/wp\/v2\/users\/1"}],"replies":[{"embeddable":true,"href":"https:\/\/vivelosandes.com\/pt\/wp-json\/wp\/v2\/comments?post=705"}],"version-history":[{"count":7,"href":"https:\/\/vivelosandes.com\/pt\/wp-json\/wp\/v2\/pages\/705\/revisions"}],"predecessor-version":[{"id":775,"href":"https:\/\/vivelosandes.com\/pt\/wp-json\/wp\/v2\/pages\/705\/revisions\/775"}],"wp:attachment":[{"href":"https:\/\/vivelosandes.com\/pt\/wp-json\/wp\/v2\/media?parent=705"}],"curies":[{"name":"wp","href":"https:\/\/api.w.org\/{rel}","templated":true}]}}